{"id":374,"date":"2022-11-11T16:03:28","date_gmt":"2022-11-11T15:03:28","guid":{"rendered":"https:\/\/angeliquedegand.com\/?page_id=374"},"modified":"2026-04-14T12:01:08","modified_gmt":"2026-04-14T10:01:08","slug":"mentions-legales","status":"publish","type":"page","link":"https:\/\/angeliquedegand.com\/index.php\/mentions-legales\/","title":{"rendered":"Mentions l\u00e9gales"},"content":{"rendered":"\t\t<div data-elementor-type=\"wp-page\" data-elementor-id=\"374\" class=\"elementor elementor-374\">\n\t\t\t\t<div class=\"elementor-element elementor-element-7d31a29 e-flex e-con-boxed e-con e-parent\" data-id=\"7d31a29\" data-element_type=\"container\" data-e-type=\"container\" data-settings=\"{&quot;background_background&quot;:&quot;classic&quot;}\">\n\t\t\t\t\t<div class=\"e-con-inner\">\n\t\t\t\t<div class=\"elementor-element elementor-element-225ed5f elementor-widget elementor-widget-heading\" data-id=\"225ed5f\" data-element_type=\"widget\" data-e-type=\"widget\" data-widget_type=\"heading.default\">\n\t\t\t\t<div class=\"elementor-widget-container\">\n\t\t\t\t\t<h2 class=\"elementor-heading-title elementor-size-default\">Informations g\u00e9n\u00e9rales<\/h2>\t\t\t\t<\/div>\n\t\t\t\t<\/div>\n\t\t\t\t\t<\/div>\n\t\t\t\t<\/div>\n\t\t<div class=\"elementor-element elementor-element-26b3172 e-flex e-con-boxed e-con e-parent\" data-id=\"26b3172\" data-element_type=\"container\" data-e-type=\"container\">\n\t\t\t\t\t<div class=\"e-con-inner\">\n\t\t\t\t<div class=\"elementor-element elementor-element-9c86a2b elementor-widget elementor-widget-text-editor\" data-id=\"9c86a2b\" data-element_type=\"widget\" data-e-type=\"widget\" data-widget_type=\"text-editor.default\">\n\t\t\t\t<div class=\"elementor-widget-container\">\n\t\t\t\t\t\t\t\t\t<p>L&rsquo;\u00e9diteur du site est Mme Ang\u00e9lique DEGAND, sous le statut de micro-entreprise enregistr\u00e9e \u00e0 l\u2019URSSAF sous le num\u00e9ro de SIRET 81009010000068 et ayant son si\u00e8ge social au 8,chemin du Mesnil 50420 Saint-Louet-Sur-Vire.<\/p><p>APE: 86.90F<\/p><p>adresse de contact : contact@angeliquedegand.com<\/p><p>Le site www.angeliquedegand.com a \u00e9t\u00e9 r\u00e9alis\u00e9 par Ang\u00e9lique DEGAND \u00e0 partir du CMS open-source WordPress.<\/p><p>Le directeur de la publication du Site est Mme Ang\u00e9lique DEGAND.<\/p><p>L\u2019h\u00e9bergeur du Site est : OVH \u2013 2 rue kellermann BP 80157 59053 ROUBAIX CEDEX 1 \u2013 France, SAS au capital de 10 059 500,00 \u20ac \u2013 RCS LILLE METROPOLE 424 761 419 00045 \u2013 Code APE 2620Z \u2013 N\u00b0TVA FR FR22424761419.<\/p>\t\t\t\t\t\t\t\t<\/div>\n\t\t\t\t<\/div>\n\t\t\t\t\t<\/div>\n\t\t\t\t<\/div>\n\t\t<div class=\"elementor-element elementor-element-249fe59 e-flex e-con-boxed e-con e-parent\" data-id=\"249fe59\" data-element_type=\"container\" data-e-type=\"container\" data-settings=\"{&quot;background_background&quot;:&quot;classic&quot;}\">\n\t\t\t\t\t<div class=\"e-con-inner\">\n\t\t\t\t<div class=\"elementor-element elementor-element-6cc004e elementor-widget elementor-widget-heading\" data-id=\"6cc004e\" data-element_type=\"widget\" data-e-type=\"widget\" data-widget_type=\"heading.default\">\n\t\t\t\t<div class=\"elementor-widget-container\">\n\t\t\t\t\t<h2 class=\"elementor-heading-title elementor-size-default\">Propri\u00e9t\u00e9 intellectuelle<\/h2>\t\t\t\t<\/div>\n\t\t\t\t<\/div>\n\t\t\t\t\t<\/div>\n\t\t\t\t<\/div>\n\t\t<div class=\"elementor-element elementor-element-2154581 e-flex e-con-boxed e-con e-parent\" data-id=\"2154581\" data-element_type=\"container\" data-e-type=\"container\">\n\t\t\t\t\t<div class=\"e-con-inner\">\n\t\t\t\t<div class=\"elementor-element elementor-element-1f8b24b elementor-widget elementor-widget-text-editor\" data-id=\"1f8b24b\" data-element_type=\"widget\" data-e-type=\"widget\" data-widget_type=\"text-editor.default\">\n\t\t\t\t<div class=\"elementor-widget-container\">\n\t\t\t\t\t\t\t\t\t<p>Les cr\u00e9dits et copyright des visuels et des photos pr\u00e9sents sur le site www.angeliquedegand.com sont signal\u00e9s dans les articles lorsqu\u2019elles proviennent d\u2019un professionnel avec son accord. A d\u00e9faut, elles proviennent de sites de photos libres de droit ou des photos personnelles.<\/p><p>Le site www.angeliquedegand.com et chaque \u00e9l\u00e9ment qui le compose, notamment les textes, articles, images, illustrations, photographies,logos, bases de donn\u00e9es, logiciels sont prot\u00e9g\u00e9s par le droit de la propri\u00e9t\u00e9 intellectuelle.<\/p><p>La reproduction totale ou partielle des \u00e9l\u00e9ments susmentionn\u00e9s est interdite.<\/p><p>L\u2019utilisateur est autoris\u00e9 \u00e0 t\u00e9l\u00e9charger et reproduire de mani\u00e8re durable, sur tout support, les publications de www.angeliquedegand.com, lorsque cette reproduction ou repr\u00e9sentation est faite \u00e0 des fins strictement personnelles, priv\u00e9es et non commerciales. L\u2019utilisateur s\u2019interdit de communiquer ces publications \u00e0 des tiers, y compris par courrier \u00e9lectronique et par mise \u00e0 disposition \u00e0 partir d\u2019un site internet ou d\u2019un serveur.<\/p><p>L\u2019utilisateur est autoris\u00e9 \u00e0 faire des courtes citations du site www.angeliquedegand.com, sous r\u00e9serve que soit pr\u00e9cis\u00e9 de mani\u00e8re apparente : l\u2019origine du document ainsi que le nom de l\u2019auteur et la date du document si celle-ci est connue.<\/p>\t\t\t\t\t\t\t\t<\/div>\n\t\t\t\t<\/div>\n\t\t\t\t\t<\/div>\n\t\t\t\t<\/div>\n\t\t<div class=\"elementor-element elementor-element-183a3d6 e-flex e-con-boxed e-con e-parent\" data-id=\"183a3d6\" data-element_type=\"container\" data-e-type=\"container\" data-settings=\"{&quot;background_background&quot;:&quot;classic&quot;}\">\n\t\t\t\t\t<div class=\"e-con-inner\">\n\t\t\t\t<div class=\"elementor-element elementor-element-64f9686 elementor-widget elementor-widget-heading\" data-id=\"64f9686\" data-element_type=\"widget\" data-e-type=\"widget\" data-widget_type=\"heading.default\">\n\t\t\t\t<div class=\"elementor-widget-container\">\n\t\t\t\t\t<h2 class=\"elementor-heading-title elementor-size-default\">Utilisation du site<\/h2>\t\t\t\t<\/div>\n\t\t\t\t<\/div>\n\t\t\t\t\t<\/div>\n\t\t\t\t<\/div>\n\t\t<div class=\"elementor-element elementor-element-2a9fba2 e-flex e-con-boxed e-con e-parent\" data-id=\"2a9fba2\" data-element_type=\"container\" data-e-type=\"container\">\n\t\t\t\t\t<div class=\"e-con-inner\">\n\t\t\t\t<div class=\"elementor-element elementor-element-72eb593 elementor-widget elementor-widget-text-editor\" data-id=\"72eb593\" data-element_type=\"widget\" data-e-type=\"widget\" data-widget_type=\"text-editor.default\">\n\t\t\t\t<div class=\"elementor-widget-container\">\n\t\t\t\t\t\t\t\t\t<p>L\u2019ensemble des donn\u00e9es, informations et publications accessibles, repr\u00e9sent\u00e9es ou t\u00e9l\u00e9chargeables \u00e0 partir du site www.angeliquedegand.com n\u2019a aucun caract\u00e8re exhaustif, est communiqu\u00e9 \u00e0 titre purement informatif et n\u2019engage aucunement les auteurs ni l\u2019\u00e9diteur.<\/p><p>Ang\u00e9lique DEGAND met en \u0153uvre tous les moyens dont elle dispose, pour assurer une information fiable et une mise \u00e0 jour fiable de son site internet. Toutefois, des erreurs ou omissions peuvent survenir. L\u2019internaute devra donc s\u2019assurer de l\u2019exactitude des informations et signaler toutes modifications qu\u2019il jugerait utile.<\/p><p>Ang\u00e9lique DEGAND n\u2019est en aucun cas responsable de l\u2019utilisation faite de ces informations, et de tout pr\u00e9judice direct ou indirect pouvant en d\u00e9couler.<\/p><p>Ang\u00e9lique DEGAND ne pourra en aucun cas \u00eatre tenue responsable de tout dommage direct ou indirect r\u00e9sultant de l\u2019utilisation par tout utilisateur des donn\u00e9es, informations ou publications accessibles ou t\u00e9l\u00e9chargeable \u00e0 partir du site.<\/p><p>Ce site internet est normalement accessible \u00e0 tout moment aux utilisateurs. Une interruption pour raison de maintenance technique peut toutefois intervenir du fait de Mme Ang\u00e9lique DEGAND ou de l&rsquo;h\u00e9bergeur.<\/p><p>Les mentions l\u00e9gales peuvent \u00eatre modifi\u00e9es \u00e0 tout moment : elles s\u2019imposent n\u00e9anmoins \u00e0 l\u2019utilisateur qui est invit\u00e9 \u00e0 s\u2019y r\u00e9f\u00e9rer le plus souvent possible afin d\u2019en prendre connaissance.<\/p><p>La cr\u00e9ation et la publication d\u2019un lien hypertexte vers l\u2019une des pages du site www.angeliquedegand.com sont autoris\u00e9es, sous r\u00e9serve de l\u2019accord pr\u00e9alable et expr\u00e8s de Mme Ang\u00e9lique DEGAND<\/p><p>Toutes les informations indiqu\u00e9es sur le site www.angeliquedegand.com sont donn\u00e9es \u00e0 titre indicatif, et sont susceptibles d\u2019\u00e9voluer.<\/p><p>Par ailleurs, les renseignements figurant sur le site www.angeliquedegand.com ne sont pas exhaustifs. Ils sont donn\u00e9s sous r\u00e9serve de modifications ayant \u00e9t\u00e9 apport\u00e9es depuis leur mise en ligne.<\/p><p>Tout contenu t\u00e9l\u00e9charg\u00e9 se fait aux risques et p\u00e9rils de l\u2019utilisateur et sous sa seule responsabilit\u00e9. En cons\u00e9quence, Mme Ang\u00e9lique DEGAND ne saurait \u00eatre tenu responsable d\u2019un quelconque dommage subi par l\u2019ordinateur de l\u2019utilisateur ou d\u2019une quelconque perte de donn\u00e9es cons\u00e9cutives au t\u00e9l\u00e9chargement. De plus, l\u2019utilisateur du Site s\u2019engage \u00e0 acc\u00e9der au site en utilisant un mat\u00e9riel r\u00e9cent, ne contenant pas de virus et avec un navigateur de derni\u00e8re g\u00e9n\u00e9ration mis-\u00e0-jour. Les liens hypertextes mis en place dans le cadre du pr\u00e9sent site internet en direction d\u2019autres ressources pr\u00e9sentes sur le r\u00e9seau Internet ne sauraient engager la responsabilit\u00e9 de www.angeliquedegand.com.<\/p><p>Mme Ang\u00e9lique DEGAND ne pourra \u00eatre tenu responsable de tout dommage direct ou indirect issu d\u2019une interruption, d\u2019un dysfonctionnement quel qu\u2019il soit, et ce pour quelque raison que ce soit, ou encore de tout dommage direct ou indirect qui r\u00e9sulterait, d\u2019une fa\u00e7on quelconque, d\u2019une connexion au site.<\/p><p>La connexion de toute personne au site www.angeliquedegand.com se fait donc sous l\u2019enti\u00e8re responsabilit\u00e9 de l\u2019utilisateur.<\/p>\t\t\t\t\t\t\t\t<\/div>\n\t\t\t\t<\/div>\n\t\t\t\t\t<\/div>\n\t\t\t\t<\/div>\n\t\t<div class=\"elementor-element elementor-element-a861476 e-flex e-con-boxed e-con e-parent\" data-id=\"a861476\" data-element_type=\"container\" data-e-type=\"container\" data-settings=\"{&quot;background_background&quot;:&quot;classic&quot;}\">\n\t\t\t\t\t<div class=\"e-con-inner\">\n\t\t\t\t<div class=\"elementor-element elementor-element-fff0083 elementor-widget elementor-widget-heading\" data-id=\"fff0083\" data-element_type=\"widget\" data-e-type=\"widget\" data-widget_type=\"heading.default\">\n\t\t\t\t<div class=\"elementor-widget-container\">\n\t\t\t\t\t<h2 class=\"elementor-heading-title elementor-size-default\">M\u00e9diation \u00e0 la consommation<\/h2>\t\t\t\t<\/div>\n\t\t\t\t<\/div>\n\t\t\t\t\t<\/div>\n\t\t\t\t<\/div>\n\t\t<div class=\"elementor-element elementor-element-bb31006 e-flex e-con-boxed e-con e-parent\" data-id=\"bb31006\" data-element_type=\"container\" data-e-type=\"container\">\n\t\t\t\t\t<div class=\"e-con-inner\">\n\t\t\t\t<div class=\"elementor-element elementor-element-71892c5 elementor-widget elementor-widget-text-editor\" data-id=\"71892c5\" data-element_type=\"widget\" data-e-type=\"widget\" data-widget_type=\"text-editor.default\">\n\t\t\t\t<div class=\"elementor-widget-container\">\n\t\t\t\t\t\t\t\t\t<p>Conform\u00e9ment aux articles L.616-1 et R.616-1 du code de la consommation, nous proposons un dispositif de m\u00e9diation de la consommation. L&rsquo;entit\u00e9 de m\u00e9diation retenue est : CNPM MEDIATION CONSOMMATION. En cas de litige, vous pouvez d\u00e9poser votre r\u00e9clamation sur son site : https:\/\/cnpm-mediation-consommation.eu ou par voie postale en \u00e9crivant \u00e0 CNPM &#8211; MEDIATION &#8211; CONSOMMATION &#8211; 27 avenue de la lib\u00e9ration &#8211; 42400 Saint-Chamond<\/p>\t\t\t\t\t\t\t\t<\/div>\n\t\t\t\t<\/div>\n\t\t\t\t\t<\/div>\n\t\t\t\t<\/div>\n\t\t\t\t<\/div>\n\t\t","protected":false},"excerpt":{"rendered":"<p>Informations g\u00e9n\u00e9rales L&rsquo;\u00e9diteur du site est Mme Ang\u00e9lique DEGAND, sous le statut de micro-entreprise enregistr\u00e9e \u00e0 l\u2019URSSAF sous le num\u00e9ro de SIRET 81009010000068 et ayant son si\u00e8ge social au 8,chemin &hellip; <\/p>\n","protected":false},"author":1,"featured_media":8925,"parent":0,"menu_order":0,"comment_status":"closed","ping_status":"closed","template":"","meta":{"footnotes":""},"class_list":["post-374","page","type-page","status-publish","has-post-thumbnail","hentry"],"yoast_head":"<!-- This site is optimized with the Yoast SEO plugin v27.4 - https:\/\/yoast.com\/product\/yoast-seo-wordpress\/ -->\n<title>Mentions l\u00e9gales - Ang\u00e9lique DEGAND<\/title>\n<meta name=\"description\" content=\"Mentions l\u00e9gales et propri\u00e9t\u00e9 intellectuelle du site Ang\u00e9lique DEGAND (https:\/\/www.angeliquedegand.com)\" \/>\n<meta name=\"robots\" content=\"index, follow, max-snippet:-1, max-image-preview:large, max-video-preview:-1\" \/>\n<link rel=\"canonical\" href=\"https:\/\/angeliquedegand.com\/index.php\/mentions-legales\/\" \/>\n<meta property=\"og:locale\" content=\"fr_FR\" \/>\n<meta property=\"og:type\" content=\"article\" \/>\n<meta property=\"og:title\" content=\"Mentions l\u00e9gales - Ang\u00e9lique DEGAND\" \/>\n<meta property=\"og:description\" content=\"Mentions l\u00e9gales et propri\u00e9t\u00e9 intellectuelle du site Ang\u00e9lique DEGAND (https:\/\/www.angeliquedegand.com)\" \/>\n<meta property=\"og:url\" content=\"https:\/\/angeliquedegand.com\/index.php\/mentions-legales\/\" \/>\n<meta property=\"og:site_name\" content=\"Ang\u00e9lique DEGAND\" \/>\n<meta property=\"article:modified_time\" content=\"2026-04-14T10:01:08+00:00\" \/>\n<meta property=\"og:image\" content=\"https:\/\/angeliquedegand.com\/wp-content\/uploads\/2026\/04\/Design-sans-titre25-1024x768.png\" \/>\n\t<meta property=\"og:image:width\" content=\"1024\" \/>\n\t<meta property=\"og:image:height\" content=\"768\" \/>\n\t<meta property=\"og:image:type\" content=\"image\/png\" \/>\n<meta name=\"twitter:card\" content=\"summary_large_image\" \/>\n<meta name=\"twitter:label1\" content=\"Dur\u00e9e de lecture estim\u00e9e\" \/>\n\t<meta name=\"twitter:data1\" content=\"4 minutes\" \/>\n<script type=\"application\/ld+json\" class=\"yoast-schema-graph\">{\"@context\":\"https:\\\/\\\/schema.org\",\"@graph\":[{\"@type\":\"WebPage\",\"@id\":\"https:\\\/\\\/angeliquedegand.com\\\/index.php\\\/mentions-legales\\\/\",\"url\":\"https:\\\/\\\/angeliquedegand.com\\\/index.php\\\/mentions-legales\\\/\",\"name\":\"Mentions l\u00e9gales - Ang\u00e9lique DEGAND\",\"isPartOf\":{\"@id\":\"https:\\\/\\\/angeliquedegand.com\\\/#website\"},\"primaryImageOfPage\":{\"@id\":\"https:\\\/\\\/angeliquedegand.com\\\/index.php\\\/mentions-legales\\\/#primaryimage\"},\"image\":{\"@id\":\"https:\\\/\\\/angeliquedegand.com\\\/index.php\\\/mentions-legales\\\/#primaryimage\"},\"thumbnailUrl\":\"https:\\\/\\\/angeliquedegand.com\\\/wp-content\\\/uploads\\\/2026\\\/04\\\/Design-sans-titre25.png\",\"datePublished\":\"2022-11-11T15:03:28+00:00\",\"dateModified\":\"2026-04-14T10:01:08+00:00\",\"description\":\"Mentions l\u00e9gales et propri\u00e9t\u00e9 intellectuelle du site Ang\u00e9lique DEGAND (https:\\\/\\\/www.angeliquedegand.com)\",\"breadcrumb\":{\"@id\":\"https:\\\/\\\/angeliquedegand.com\\\/index.php\\\/mentions-legales\\\/#breadcrumb\"},\"inLanguage\":\"fr-FR\",\"potentialAction\":[{\"@type\":\"ReadAction\",\"target\":[\"https:\\\/\\\/angeliquedegand.com\\\/index.php\\\/mentions-legales\\\/\"]}]},{\"@type\":\"ImageObject\",\"inLanguage\":\"fr-FR\",\"@id\":\"https:\\\/\\\/angeliquedegand.com\\\/index.php\\\/mentions-legales\\\/#primaryimage\",\"url\":\"https:\\\/\\\/angeliquedegand.com\\\/wp-content\\\/uploads\\\/2026\\\/04\\\/Design-sans-titre25.png\",\"contentUrl\":\"https:\\\/\\\/angeliquedegand.com\\\/wp-content\\\/uploads\\\/2026\\\/04\\\/Design-sans-titre25.png\",\"width\":1920,\"height\":1440},{\"@type\":\"BreadcrumbList\",\"@id\":\"https:\\\/\\\/angeliquedegand.com\\\/index.php\\\/mentions-legales\\\/#breadcrumb\",\"itemListElement\":[{\"@type\":\"ListItem\",\"position\":1,\"name\":\"Accueil\",\"item\":\"https:\\\/\\\/angeliquedegand.com\\\/\"},{\"@type\":\"ListItem\",\"position\":2,\"name\":\"Mentions l\u00e9gales\"}]},{\"@type\":\"WebSite\",\"@id\":\"https:\\\/\\\/angeliquedegand.com\\\/#website\",\"url\":\"https:\\\/\\\/angeliquedegand.com\\\/\",\"name\":\"Ang\u00e9lique DEGAND\",\"description\":\"Sophrologue, Sophrot\u00e9rapeute et praticienne en th\u00e9rapies br\u00e8ves, \u00e0 Caen et \u00e0 Domjean - Normandie -\",\"publisher\":{\"@id\":\"https:\\\/\\\/angeliquedegand.com\\\/#\\\/schema\\\/person\\\/179f64edcb46cfd161c474c54a120c7e\"},\"potentialAction\":[{\"@type\":\"SearchAction\",\"target\":{\"@type\":\"EntryPoint\",\"urlTemplate\":\"https:\\\/\\\/angeliquedegand.com\\\/?s={search_term_string}\"},\"query-input\":{\"@type\":\"PropertyValueSpecification\",\"valueRequired\":true,\"valueName\":\"search_term_string\"}}],\"inLanguage\":\"fr-FR\"},{\"@type\":[\"Person\",\"Organization\"],\"@id\":\"https:\\\/\\\/angeliquedegand.com\\\/#\\\/schema\\\/person\\\/179f64edcb46cfd161c474c54a120c7e\",\"name\":\"Ang\u00e9lique DEGAND\",\"image\":{\"@type\":\"ImageObject\",\"inLanguage\":\"fr-FR\",\"@id\":\"https:\\\/\\\/secure.gravatar.com\\\/avatar\\\/3f3a80165b0fcaac567c5d4172d9e47142921b3fda8e5caee0575641aa655c76?s=96&d=mm&r=g\",\"url\":\"https:\\\/\\\/secure.gravatar.com\\\/avatar\\\/3f3a80165b0fcaac567c5d4172d9e47142921b3fda8e5caee0575641aa655c76?s=96&d=mm&r=g\",\"contentUrl\":\"https:\\\/\\\/secure.gravatar.com\\\/avatar\\\/3f3a80165b0fcaac567c5d4172d9e47142921b3fda8e5caee0575641aa655c76?s=96&d=mm&r=g\",\"caption\":\"Ang\u00e9lique DEGAND\"},\"logo\":{\"@id\":\"https:\\\/\\\/secure.gravatar.com\\\/avatar\\\/3f3a80165b0fcaac567c5d4172d9e47142921b3fda8e5caee0575641aa655c76?s=96&d=mm&r=g\"},\"sameAs\":[\"https:\\\/\\\/angeliquedegand.com\"]}]}<\/script>\n<!-- \/ Yoast SEO plugin. -->","yoast_head_json":{"title":"Mentions l\u00e9gales - Ang\u00e9lique DEGAND","description":"Mentions l\u00e9gales et propri\u00e9t\u00e9 intellectuelle du site Ang\u00e9lique DEGAND (https:\/\/www.angeliquedegand.com)","robots":{"index":"index","follow":"follow","max-snippet":"max-snippet:-1","max-image-preview":"max-image-preview:large","max-video-preview":"max-video-preview:-1"},"canonical":"https:\/\/angeliquedegand.com\/index.php\/mentions-legales\/","og_locale":"fr_FR","og_type":"article","og_title":"Mentions l\u00e9gales - Ang\u00e9lique DEGAND","og_description":"Mentions l\u00e9gales et propri\u00e9t\u00e9 intellectuelle du site Ang\u00e9lique DEGAND (https:\/\/www.angeliquedegand.com)","og_url":"https:\/\/angeliquedegand.com\/index.php\/mentions-legales\/","og_site_name":"Ang\u00e9lique DEGAND","article_modified_time":"2026-04-14T10:01:08+00:00","og_image":[{"width":1024,"height":768,"url":"https:\/\/angeliquedegand.com\/wp-content\/uploads\/2026\/04\/Design-sans-titre25-1024x768.png","type":"image\/png"}],"twitter_card":"summary_large_image","twitter_misc":{"Dur\u00e9e de lecture estim\u00e9e":"4 minutes"},"schema":{"@context":"https:\/\/schema.org","@graph":[{"@type":"WebPage","@id":"https:\/\/angeliquedegand.com\/index.php\/mentions-legales\/","url":"https:\/\/angeliquedegand.com\/index.php\/mentions-legales\/","name":"Mentions l\u00e9gales - Ang\u00e9lique DEGAND","isPartOf":{"@id":"https:\/\/angeliquedegand.com\/#website"},"primaryImageOfPage":{"@id":"https:\/\/angeliquedegand.com\/index.php\/mentions-legales\/#primaryimage"},"image":{"@id":"https:\/\/angeliquedegand.com\/index.php\/mentions-legales\/#primaryimage"},"thumbnailUrl":"https:\/\/angeliquedegand.com\/wp-content\/uploads\/2026\/04\/Design-sans-titre25.png","datePublished":"2022-11-11T15:03:28+00:00","dateModified":"2026-04-14T10:01:08+00:00","description":"Mentions l\u00e9gales et propri\u00e9t\u00e9 intellectuelle du site Ang\u00e9lique DEGAND (https:\/\/www.angeliquedegand.com)","breadcrumb":{"@id":"https:\/\/angeliquedegand.com\/index.php\/mentions-legales\/#breadcrumb"},"inLanguage":"fr-FR","potentialAction":[{"@type":"ReadAction","target":["https:\/\/angeliquedegand.com\/index.php\/mentions-legales\/"]}]},{"@type":"ImageObject","inLanguage":"fr-FR","@id":"https:\/\/angeliquedegand.com\/index.php\/mentions-legales\/#primaryimage","url":"https:\/\/angeliquedegand.com\/wp-content\/uploads\/2026\/04\/Design-sans-titre25.png","contentUrl":"https:\/\/angeliquedegand.com\/wp-content\/uploads\/2026\/04\/Design-sans-titre25.png","width":1920,"height":1440},{"@type":"BreadcrumbList","@id":"https:\/\/angeliquedegand.com\/index.php\/mentions-legales\/#breadcrumb","itemListElement":[{"@type":"ListItem","position":1,"name":"Accueil","item":"https:\/\/angeliquedegand.com\/"},{"@type":"ListItem","position":2,"name":"Mentions l\u00e9gales"}]},{"@type":"WebSite","@id":"https:\/\/angeliquedegand.com\/#website","url":"https:\/\/angeliquedegand.com\/","name":"Ang\u00e9lique DEGAND","description":"Sophrologue, Sophrot\u00e9rapeute et praticienne en th\u00e9rapies br\u00e8ves, \u00e0 Caen et \u00e0 Domjean - Normandie -","publisher":{"@id":"https:\/\/angeliquedegand.com\/#\/schema\/person\/179f64edcb46cfd161c474c54a120c7e"},"potentialAction":[{"@type":"SearchAction","target":{"@type":"EntryPoint","urlTemplate":"https:\/\/angeliquedegand.com\/?s={search_term_string}"},"query-input":{"@type":"PropertyValueSpecification","valueRequired":true,"valueName":"search_term_string"}}],"inLanguage":"fr-FR"},{"@type":["Person","Organization"],"@id":"https:\/\/angeliquedegand.com\/#\/schema\/person\/179f64edcb46cfd161c474c54a120c7e","name":"Ang\u00e9lique DEGAND","image":{"@type":"ImageObject","inLanguage":"fr-FR","@id":"https:\/\/secure.gravatar.com\/avatar\/3f3a80165b0fcaac567c5d4172d9e47142921b3fda8e5caee0575641aa655c76?s=96&d=mm&r=g","url":"https:\/\/secure.gravatar.com\/avatar\/3f3a80165b0fcaac567c5d4172d9e47142921b3fda8e5caee0575641aa655c76?s=96&d=mm&r=g","contentUrl":"https:\/\/secure.gravatar.com\/avatar\/3f3a80165b0fcaac567c5d4172d9e47142921b3fda8e5caee0575641aa655c76?s=96&d=mm&r=g","caption":"Ang\u00e9lique DEGAND"},"logo":{"@id":"https:\/\/secure.gravatar.com\/avatar\/3f3a80165b0fcaac567c5d4172d9e47142921b3fda8e5caee0575641aa655c76?s=96&d=mm&r=g"},"sameAs":["https:\/\/angeliquedegand.com"]}]}},"_links":{"self":[{"href":"https:\/\/angeliquedegand.com\/index.php\/wp-json\/wp\/v2\/pages\/374","targetHints":{"allow":["GET"]}}],"collection":[{"href":"https:\/\/angeliquedegand.com\/index.php\/wp-json\/wp\/v2\/pages"}],"about":[{"href":"https:\/\/angeliquedegand.com\/index.php\/wp-json\/wp\/v2\/types\/page"}],"author":[{"embeddable":true,"href":"https:\/\/angeliquedegand.com\/index.php\/wp-json\/wp\/v2\/users\/1"}],"replies":[{"embeddable":true,"href":"https:\/\/angeliquedegand.com\/index.php\/wp-json\/wp\/v2\/comments?post=374"}],"version-history":[{"count":15,"href":"https:\/\/angeliquedegand.com\/index.php\/wp-json\/wp\/v2\/pages\/374\/revisions"}],"predecessor-version":[{"id":9548,"href":"https:\/\/angeliquedegand.com\/index.php\/wp-json\/wp\/v2\/pages\/374\/revisions\/9548"}],"wp:featuredmedia":[{"embeddable":true,"href":"https:\/\/angeliquedegand.com\/index.php\/wp-json\/wp\/v2\/media\/8925"}],"wp:attachment":[{"href":"https:\/\/angeliquedegand.com\/index.php\/wp-json\/wp\/v2\/media?parent=374"}],"curies":[{"name":"wp","href":"https:\/\/api.w.org\/{rel}","templated":true}]}}