{"id":386,"date":"2022-09-12T18:09:38","date_gmt":"2022-09-12T16:09:38","guid":{"rendered":"https:\/\/angeliquedegand.com\/?page_id=386"},"modified":"2026-04-14T18:00:31","modified_gmt":"2026-04-14T16:00:31","slug":"contact","status":"publish","type":"page","link":"https:\/\/angeliquedegand.com\/index.php\/contact\/","title":{"rendered":"Contact"},"content":{"rendered":"\t\t<div data-elementor-type=\"wp-page\" data-elementor-id=\"386\" class=\"elementor elementor-386\">\n\t\t\t\t\t\t<section class=\"elementor-section elementor-top-section elementor-element elementor-element-642ca6e elementor-section-boxed elementor-section-height-default elementor-section-height-default\" data-id=\"642ca6e\" data-element_type=\"section\" data-e-type=\"section\">\n\t\t\t\t\t\t<div class=\"elementor-container elementor-column-gap-default\">\n\t\t\t\t\t<div class=\"elementor-column elementor-col-100 elementor-top-column elementor-element elementor-element-5f1fbe9\" data-id=\"5f1fbe9\" data-element_type=\"column\" data-e-type=\"column\">\n\t\t\t<div class=\"elementor-widget-wrap elementor-element-populated\">\n\t\t\t\t\t\t<div class=\"elementor-element elementor-element-ccd4974 elementor-widget elementor-widget-wpforms\" data-id=\"ccd4974\" data-element_type=\"widget\" data-e-type=\"widget\" data-widget_type=\"wpforms.default\">\n\t\t\t\t<div class=\"elementor-widget-container\">\n\t\t\t\t\t<div class=\"wpforms-container wpforms-container-full\" id=\"wpforms-382\"><form id=\"wpforms-form-382\" class=\"wpforms-validate wpforms-form wpforms-ajax-form\" data-formid=\"382\" method=\"post\" enctype=\"multipart\/form-data\" action=\"\/index.php\/wp-json\/wp\/v2\/pages\/386\" data-token=\"1119043376e095c2393376cd3ea8dcea\" data-token-time=\"1777308497\"><noscript class=\"wpforms-error-noscript\">Veuillez activer JavaScript dans votre navigateur pour remplir ce formulaire.<\/noscript><div class=\"wpforms-field-container\"><div id=\"wpforms-382-field_0-container\" class=\"wpforms-field wpforms-field-name\" data-field-id=\"0\"><label class=\"wpforms-field-label\">Nom <span class=\"wpforms-required-label\">*<\/span><\/label><div class=\"wpforms-field-row wpforms-field-medium\"><div class=\"wpforms-field-row-block wpforms-first wpforms-one-half\"><input type=\"text\" id=\"wpforms-382-field_0\" class=\"wpforms-field-name-first wpforms-field-required\" name=\"wpforms[fields][0][first]\" required><label for=\"wpforms-382-field_0\" class=\"wpforms-field-sublabel after\">Pr\u00e9nom<\/label><\/div><div class=\"wpforms-field-row-block wpforms-one-half\"><input type=\"text\" id=\"wpforms-382-field_0-last\" class=\"wpforms-field-name-last wpforms-field-required\" name=\"wpforms[fields][0][last]\" required><label for=\"wpforms-382-field_0-last\" class=\"wpforms-field-sublabel after\">Nom<\/label><\/div><\/div><\/div><div id=\"wpforms-382-field_1-container\" class=\"wpforms-field wpforms-field-email\" data-field-id=\"1\"><label class=\"wpforms-field-label\" for=\"wpforms-382-field_1\">E-mail <span class=\"wpforms-required-label\">*<\/span><\/label><input type=\"email\" id=\"wpforms-382-field_1\" class=\"wpforms-field-medium wpforms-field-required\" name=\"wpforms[fields][1]\" spellcheck=\"false\" required><\/div><div id=\"wpforms-382-field_5-container\" class=\"wpforms-field wpforms-field-text\" data-field-id=\"5\"><label class=\"wpforms-field-label\" for=\"wpforms-382-field_5\">Objet<\/label><input type=\"text\" id=\"wpforms-382-field_5\" class=\"wpforms-field-medium\" name=\"wpforms[fields][5]\" ><\/div><div id=\"wpforms-382-field_2-container\" class=\"wpforms-field wpforms-field-textarea\" data-field-id=\"2\"><label class=\"wpforms-field-label\" for=\"wpforms-382-field_2\">Commentaire ou message<\/label><textarea id=\"wpforms-382-field_2\" class=\"wpforms-field-medium\" name=\"wpforms[fields][2]\" ><\/textarea><\/div><\/div><!-- .wpforms-field-container --><div class=\"wpforms-recaptcha-container wpforms-is-recaptcha wpforms-is-recaptcha-type-v2\" ><div class=\"g-recaptcha\" data-sitekey=\"6LcPjPIhAAAAALlC5-RTqFw2R337pG2vSAnL-yhN\"><\/div><input type=\"text\" name=\"g-recaptcha-hidden\" class=\"wpforms-recaptcha-hidden\" style=\"position:absolute!important;clip:rect(0,0,0,0)!important;height:1px!important;width:1px!important;border:0!important;overflow:hidden!important;padding:0!important;margin:0!important;\" data-rule-recaptcha=\"1\"><\/div><div class=\"wpforms-submit-container\" ><input type=\"hidden\" name=\"wpforms[id]\" value=\"382\"><input type=\"hidden\" name=\"page_title\" value=\"\"><input type=\"hidden\" name=\"page_url\" value=\"https:\/\/angeliquedegand.com\/index.php\/wp-json\/wp\/v2\/pages\/386\"><input type=\"hidden\" name=\"url_referer\" value=\"\"><button type=\"submit\" name=\"wpforms[submit]\" id=\"wpforms-submit-382\" class=\"wpforms-submit\" data-alt-text=\"Envoi...\" data-submit-text=\"Envoyer\" aria-live=\"assertive\" value=\"wpforms-submit\">Envoyer<\/button><img decoding=\"async\" src=\"https:\/\/angeliquedegand.com\/wp-content\/plugins\/wpforms-lite\/assets\/images\/submit-spin.svg\" class=\"wpforms-submit-spinner\" style=\"display: none;\" width=\"26\" height=\"26\" alt=\"Chargement en cours\"><\/div><\/form><\/div>  <!-- .wpforms-container -->\t\t\t\t<\/div>\n\t\t\t\t<\/div>\n\t\t\t\t\t<\/div>\n\t\t<\/div>\n\t\t\t\t\t<\/div>\n\t\t<\/section>\n\t\t\t\t<\/div>\n\t\t","protected":false},"excerpt":{"rendered":"<p>Veuillez activer JavaScript dans votre navigateur pour remplir ce formulaire.Nom *Pr\u00e9nomNomE-mail *ObjetCommentaire ou message Envoyer<\/p>\n","protected":false},"author":1,"featured_media":2862,"parent":0,"menu_order":0,"comment_status":"closed","ping_status":"closed","template":"","meta":{"footnotes":""},"class_list":["post-386","page","type-page","status-publish","has-post-thumbnail","hentry"],"yoast_head":"<!-- This site is optimized with the Yoast SEO plugin v27.4 - https:\/\/yoast.com\/product\/yoast-seo-wordpress\/ -->\n<title>Contact - Ang\u00e9lique DEGAND<\/title>\n<meta name=\"description\" content=\"Prise de contact pour un rendez-vous ou des informations concernant une s\u00e9ance de sophrologie individuelle.\" \/>\n<meta name=\"robots\" content=\"index, follow, max-snippet:-1, max-image-preview:large, max-video-preview:-1\" \/>\n<link rel=\"canonical\" href=\"https:\/\/angeliquedegand.com\/index.php\/contact\/\" \/>\n<meta property=\"og:locale\" content=\"fr_FR\" \/>\n<meta property=\"og:type\" content=\"article\" \/>\n<meta property=\"og:title\" content=\"Contact - Ang\u00e9lique DEGAND\" \/>\n<meta property=\"og:description\" content=\"Prise de contact pour un rendez-vous ou des informations concernant une s\u00e9ance de sophrologie individuelle.\" \/>\n<meta property=\"og:url\" content=\"https:\/\/angeliquedegand.com\/index.php\/contact\/\" \/>\n<meta property=\"og:site_name\" content=\"Ang\u00e9lique DEGAND\" \/>\n<meta property=\"article:modified_time\" content=\"2026-04-14T16:00:31+00:00\" \/>\n<meta property=\"og:image\" content=\"https:\/\/angeliquedegand.com\/wp-content\/uploads\/2022\/11\/pexels-jessica-lewis-creative-583848-scaled.jpg\" \/>\n\t<meta property=\"og:image:width\" content=\"2560\" \/>\n\t<meta property=\"og:image:height\" content=\"1707\" \/>\n\t<meta property=\"og:image:type\" content=\"image\/jpeg\" \/>\n<meta name=\"twitter:card\" content=\"summary_large_image\" \/>\n<meta name=\"twitter:label1\" content=\"Dur\u00e9e de lecture estim\u00e9e\" \/>\n\t<meta name=\"twitter:data1\" content=\"1 minute\" \/>\n<script type=\"application\/ld+json\" class=\"yoast-schema-graph\">{\"@context\":\"https:\\\/\\\/schema.org\",\"@graph\":[{\"@type\":\"WebPage\",\"@id\":\"https:\\\/\\\/angeliquedegand.com\\\/index.php\\\/contact\\\/\",\"url\":\"https:\\\/\\\/angeliquedegand.com\\\/index.php\\\/contact\\\/\",\"name\":\"Contact - Ang\u00e9lique DEGAND\",\"isPartOf\":{\"@id\":\"https:\\\/\\\/angeliquedegand.com\\\/#website\"},\"primaryImageOfPage\":{\"@id\":\"https:\\\/\\\/angeliquedegand.com\\\/index.php\\\/contact\\\/#primaryimage\"},\"image\":{\"@id\":\"https:\\\/\\\/angeliquedegand.com\\\/index.php\\\/contact\\\/#primaryimage\"},\"thumbnailUrl\":\"https:\\\/\\\/angeliquedegand.com\\\/wp-content\\\/uploads\\\/2022\\\/11\\\/pexels-jessica-lewis-creative-583848-scaled.jpg\",\"datePublished\":\"2022-09-12T16:09:38+00:00\",\"dateModified\":\"2026-04-14T16:00:31+00:00\",\"description\":\"Prise de contact pour un rendez-vous ou des informations concernant une s\u00e9ance de sophrologie individuelle.\",\"breadcrumb\":{\"@id\":\"https:\\\/\\\/angeliquedegand.com\\\/index.php\\\/contact\\\/#breadcrumb\"},\"inLanguage\":\"fr-FR\",\"potentialAction\":[{\"@type\":\"ReadAction\",\"target\":[\"https:\\\/\\\/angeliquedegand.com\\\/index.php\\\/contact\\\/\"]}]},{\"@type\":\"ImageObject\",\"inLanguage\":\"fr-FR\",\"@id\":\"https:\\\/\\\/angeliquedegand.com\\\/index.php\\\/contact\\\/#primaryimage\",\"url\":\"https:\\\/\\\/angeliquedegand.com\\\/wp-content\\\/uploads\\\/2022\\\/11\\\/pexels-jessica-lewis-creative-583848-scaled.jpg\",\"contentUrl\":\"https:\\\/\\\/angeliquedegand.com\\\/wp-content\\\/uploads\\\/2022\\\/11\\\/pexels-jessica-lewis-creative-583848-scaled.jpg\",\"width\":2560,\"height\":1707},{\"@type\":\"BreadcrumbList\",\"@id\":\"https:\\\/\\\/angeliquedegand.com\\\/index.php\\\/contact\\\/#breadcrumb\",\"itemListElement\":[{\"@type\":\"ListItem\",\"position\":1,\"name\":\"Accueil\",\"item\":\"https:\\\/\\\/angeliquedegand.com\\\/\"},{\"@type\":\"ListItem\",\"position\":2,\"name\":\"Contact\"}]},{\"@type\":\"WebSite\",\"@id\":\"https:\\\/\\\/angeliquedegand.com\\\/#website\",\"url\":\"https:\\\/\\\/angeliquedegand.com\\\/\",\"name\":\"Ang\u00e9lique DEGAND\",\"description\":\"Sophrologue, Sophrot\u00e9rapeute et praticienne en th\u00e9rapies br\u00e8ves, \u00e0 Caen et \u00e0 Domjean - Normandie -\",\"publisher\":{\"@id\":\"https:\\\/\\\/angeliquedegand.com\\\/#\\\/schema\\\/person\\\/179f64edcb46cfd161c474c54a120c7e\"},\"potentialAction\":[{\"@type\":\"SearchAction\",\"target\":{\"@type\":\"EntryPoint\",\"urlTemplate\":\"https:\\\/\\\/angeliquedegand.com\\\/?s={search_term_string}\"},\"query-input\":{\"@type\":\"PropertyValueSpecification\",\"valueRequired\":true,\"valueName\":\"search_term_string\"}}],\"inLanguage\":\"fr-FR\"},{\"@type\":[\"Person\",\"Organization\"],\"@id\":\"https:\\\/\\\/angeliquedegand.com\\\/#\\\/schema\\\/person\\\/179f64edcb46cfd161c474c54a120c7e\",\"name\":\"Ang\u00e9lique DEGAND\",\"image\":{\"@type\":\"ImageObject\",\"inLanguage\":\"fr-FR\",\"@id\":\"https:\\\/\\\/secure.gravatar.com\\\/avatar\\\/3f3a80165b0fcaac567c5d4172d9e47142921b3fda8e5caee0575641aa655c76?s=96&d=mm&r=g\",\"url\":\"https:\\\/\\\/secure.gravatar.com\\\/avatar\\\/3f3a80165b0fcaac567c5d4172d9e47142921b3fda8e5caee0575641aa655c76?s=96&d=mm&r=g\",\"contentUrl\":\"https:\\\/\\\/secure.gravatar.com\\\/avatar\\\/3f3a80165b0fcaac567c5d4172d9e47142921b3fda8e5caee0575641aa655c76?s=96&d=mm&r=g\",\"caption\":\"Ang\u00e9lique DEGAND\"},\"logo\":{\"@id\":\"https:\\\/\\\/secure.gravatar.com\\\/avatar\\\/3f3a80165b0fcaac567c5d4172d9e47142921b3fda8e5caee0575641aa655c76?s=96&d=mm&r=g\"},\"sameAs\":[\"https:\\\/\\\/angeliquedegand.com\"]}]}<\/script>\n<!-- \/ Yoast SEO plugin. -->","yoast_head_json":{"title":"Contact - Ang\u00e9lique DEGAND","description":"Prise de contact pour un rendez-vous ou des informations concernant une s\u00e9ance de sophrologie individuelle.","robots":{"index":"index","follow":"follow","max-snippet":"max-snippet:-1","max-image-preview":"max-image-preview:large","max-video-preview":"max-video-preview:-1"},"canonical":"https:\/\/angeliquedegand.com\/index.php\/contact\/","og_locale":"fr_FR","og_type":"article","og_title":"Contact - Ang\u00e9lique DEGAND","og_description":"Prise de contact pour un rendez-vous ou des informations concernant une s\u00e9ance de sophrologie individuelle.","og_url":"https:\/\/angeliquedegand.com\/index.php\/contact\/","og_site_name":"Ang\u00e9lique DEGAND","article_modified_time":"2026-04-14T16:00:31+00:00","og_image":[{"width":2560,"height":1707,"url":"https:\/\/angeliquedegand.com\/wp-content\/uploads\/2022\/11\/pexels-jessica-lewis-creative-583848-scaled.jpg","type":"image\/jpeg"}],"twitter_card":"summary_large_image","twitter_misc":{"Dur\u00e9e de lecture estim\u00e9e":"1 minute"},"schema":{"@context":"https:\/\/schema.org","@graph":[{"@type":"WebPage","@id":"https:\/\/angeliquedegand.com\/index.php\/contact\/","url":"https:\/\/angeliquedegand.com\/index.php\/contact\/","name":"Contact - Ang\u00e9lique DEGAND","isPartOf":{"@id":"https:\/\/angeliquedegand.com\/#website"},"primaryImageOfPage":{"@id":"https:\/\/angeliquedegand.com\/index.php\/contact\/#primaryimage"},"image":{"@id":"https:\/\/angeliquedegand.com\/index.php\/contact\/#primaryimage"},"thumbnailUrl":"https:\/\/angeliquedegand.com\/wp-content\/uploads\/2022\/11\/pexels-jessica-lewis-creative-583848-scaled.jpg","datePublished":"2022-09-12T16:09:38+00:00","dateModified":"2026-04-14T16:00:31+00:00","description":"Prise de contact pour un rendez-vous ou des informations concernant une s\u00e9ance de sophrologie individuelle.","breadcrumb":{"@id":"https:\/\/angeliquedegand.com\/index.php\/contact\/#breadcrumb"},"inLanguage":"fr-FR","potentialAction":[{"@type":"ReadAction","target":["https:\/\/angeliquedegand.com\/index.php\/contact\/"]}]},{"@type":"ImageObject","inLanguage":"fr-FR","@id":"https:\/\/angeliquedegand.com\/index.php\/contact\/#primaryimage","url":"https:\/\/angeliquedegand.com\/wp-content\/uploads\/2022\/11\/pexels-jessica-lewis-creative-583848-scaled.jpg","contentUrl":"https:\/\/angeliquedegand.com\/wp-content\/uploads\/2022\/11\/pexels-jessica-lewis-creative-583848-scaled.jpg","width":2560,"height":1707},{"@type":"BreadcrumbList","@id":"https:\/\/angeliquedegand.com\/index.php\/contact\/#breadcrumb","itemListElement":[{"@type":"ListItem","position":1,"name":"Accueil","item":"https:\/\/angeliquedegand.com\/"},{"@type":"ListItem","position":2,"name":"Contact"}]},{"@type":"WebSite","@id":"https:\/\/angeliquedegand.com\/#website","url":"https:\/\/angeliquedegand.com\/","name":"Ang\u00e9lique DEGAND","description":"Sophrologue, Sophrot\u00e9rapeute et praticienne en th\u00e9rapies br\u00e8ves, \u00e0 Caen et \u00e0 Domjean - Normandie -","publisher":{"@id":"https:\/\/angeliquedegand.com\/#\/schema\/person\/179f64edcb46cfd161c474c54a120c7e"},"potentialAction":[{"@type":"SearchAction","target":{"@type":"EntryPoint","urlTemplate":"https:\/\/angeliquedegand.com\/?s={search_term_string}"},"query-input":{"@type":"PropertyValueSpecification","valueRequired":true,"valueName":"search_term_string"}}],"inLanguage":"fr-FR"},{"@type":["Person","Organization"],"@id":"https:\/\/angeliquedegand.com\/#\/schema\/person\/179f64edcb46cfd161c474c54a120c7e","name":"Ang\u00e9lique DEGAND","image":{"@type":"ImageObject","inLanguage":"fr-FR","@id":"https:\/\/secure.gravatar.com\/avatar\/3f3a80165b0fcaac567c5d4172d9e47142921b3fda8e5caee0575641aa655c76?s=96&d=mm&r=g","url":"https:\/\/secure.gravatar.com\/avatar\/3f3a80165b0fcaac567c5d4172d9e47142921b3fda8e5caee0575641aa655c76?s=96&d=mm&r=g","contentUrl":"https:\/\/secure.gravatar.com\/avatar\/3f3a80165b0fcaac567c5d4172d9e47142921b3fda8e5caee0575641aa655c76?s=96&d=mm&r=g","caption":"Ang\u00e9lique DEGAND"},"logo":{"@id":"https:\/\/secure.gravatar.com\/avatar\/3f3a80165b0fcaac567c5d4172d9e47142921b3fda8e5caee0575641aa655c76?s=96&d=mm&r=g"},"sameAs":["https:\/\/angeliquedegand.com"]}]}},"_links":{"self":[{"href":"https:\/\/angeliquedegand.com\/index.php\/wp-json\/wp\/v2\/pages\/386","targetHints":{"allow":["GET"]}}],"collection":[{"href":"https:\/\/angeliquedegand.com\/index.php\/wp-json\/wp\/v2\/pages"}],"about":[{"href":"https:\/\/angeliquedegand.com\/index.php\/wp-json\/wp\/v2\/types\/page"}],"author":[{"embeddable":true,"href":"https:\/\/angeliquedegand.com\/index.php\/wp-json\/wp\/v2\/users\/1"}],"replies":[{"embeddable":true,"href":"https:\/\/angeliquedegand.com\/index.php\/wp-json\/wp\/v2\/comments?post=386"}],"version-history":[{"count":4,"href":"https:\/\/angeliquedegand.com\/index.php\/wp-json\/wp\/v2\/pages\/386\/revisions"}],"predecessor-version":[{"id":9565,"href":"https:\/\/angeliquedegand.com\/index.php\/wp-json\/wp\/v2\/pages\/386\/revisions\/9565"}],"wp:featuredmedia":[{"embeddable":true,"href":"https:\/\/angeliquedegand.com\/index.php\/wp-json\/wp\/v2\/media\/2862"}],"wp:attachment":[{"href":"https:\/\/angeliquedegand.com\/index.php\/wp-json\/wp\/v2\/media?parent=386"}],"curies":[{"name":"wp","href":"https:\/\/api.w.org\/{rel}","templated":true}]}}